{"id":1438,"date":"2023-02-23T15:16:36","date_gmt":"2023-02-23T15:16:36","guid":{"rendered":"https:\/\/gngh-abogados.com\/rocio-maneru-alcon\/"},"modified":"2026-03-25T08:32:59","modified_gmt":"2026-03-25T08:32:59","slug":"rocio-maneru-alcon","status":"publish","type":"page","link":"https:\/\/gngh-abogados.com\/en\/rocio-maneru-alcon\/","title":{"rendered":"Roc\u00edo Ma\u00f1eru Alc\u00f3n"},"content":{"rendered":"\n<div class=\"et_pb_section_0 et_pb_section et_section_regular et_block_section\"><div class=\"et_pb_row_0 et_pb_row et_block_row\"><div class=\"et_pb_column_0 et_pb_column et_pb_column_4_4 et-last-child et_block_column et_pb_css_mix_blend_mode_passthrough\"><div class=\"et_pb_text_0 et_pb_text et_pb_bg_layout_light et_pb_module et_block_module et_pb_text_align_center\"><div class=\"et_pb_text_inner\"><h1>Roc\u00edo Ma\u00f1eru Alc\u00f3n<\/h1>\n<\/div><\/div><\/div><\/div><\/div><div class=\"et_pb_section_1 et_pb_section et_section_regular et_block_section\"><div class=\"et_pb_row_1 et_pb_row et_pb_equal_columns et_block_row\"><div class=\"et_pb_column_1 et_pb_column et_pb_column_1_3 et_block_column et_pb_css_mix_blend_mode_passthrough\"><div class=\"et_pb_image_0 et_pb_image et_pb_module et_block_module\"><span class=\"et_pb_image_wrap\"><img loading=\"lazy\" decoding=\"async\" src=\"https:\/\/gngh-abogados.com\/wp-content\/uploads\/2023\/02\/rocio-maneru-alcon.jpg\" width=\"600\" height=\"800\" srcset=\"https:\/\/gngh-abogados.com\/wp-content\/uploads\/2023\/02\/rocio-maneru-alcon.jpg 600w\" sizes=\"(max-width: 600px) 100vw, 600px\" class=\"wp-image-401\" title=\"rocio-maneru-alcon\" alt=\"Roc\u00edo Ma\u00f1eru Alc\u00f3n\" \/><\/span><\/div><div class=\"et_pb_text_1 et_pb_text et_pb_bg_layout_light et_pb_module et_block_module\"><div class=\"et_pb_text_inner\"><h3><strong>Roc\u00edo Ma\u00f1eru Alc\u00f3n<\/strong><\/h3>\n<p><strong>Management Secretary<\/strong><\/p>\n<\/div><\/div><div class=\"et_pb_blurb_0 et_pb_blurb et_pb_bg_layout_light et_pb_text_align_justified et_pb_blurb_position_left et_pb_module et_block_module\"><div class=\"et_pb_blurb_content\"><div class=\"et_pb_main_blurb_image\"><a href=\"tel:+34915983368\"><span class=\"et_pb_image_wrap\"><span class=\"et-pb-icon\">\ue090<\/span><\/span><\/a><\/div><div class=\"et_pb_blurb_container\"><h4 class=\"et_pb_module_header\"><a href=\"tel:+34915983368\">+34 915 983 368<\/a><\/h4><\/div><\/div><\/div><div class=\"et_pb_blurb_1 et_pb_blurb et_pb_bg_layout_light et_pb_text_align_justified et_pb_blurb_position_left et_pb_module et_block_module\"><div class=\"et_pb_blurb_content\"><div class=\"et_pb_main_blurb_image\"><a href=\"mailto:rmaneru@gngh-abogados.com\"><span class=\"et_pb_image_wrap\"><span class=\"et-pb-icon\">\ue076<\/span><\/span><\/a><\/div><div class=\"et_pb_blurb_container\"><h4 class=\"et_pb_module_header\"><a href=\"mailto:rmaneru@gngh-abogados.com\">rmaneru@gngh-abogados.com<\/a><\/h4><\/div><\/div><\/div><\/div><div class=\"et_pb_column_2 et_pb_column et_pb_column_2_3 et-last-child et_block_column et_pb_css_mix_blend_mode_passthrough horizontal-align\"><div class=\"et_pb_text_2 et_pb_text et_pb_bg_layout_light et_pb_module et_block_module et_pb_text_align_justified\"><div class=\"et_pb_text_inner\"><p><strong><u>Biography<\/u><\/strong><\/p>\n<p>Roc\u00edo, with more than 16 years of experience, assumes the functions of Management Secretary. Since the beginning of the Firm, she has been in charge of providing administrative support and assistance to partners and lawyers. Her coordination work is essential to ensure the internal functioning of the firm, highlighting her management of communication, both internally and with clients.  <\/p>\n<\/div><\/div><\/div><\/div><\/div><div class=\"et_pb_section_2 et_pb_section et_section_regular et_block_section et_animated\"><div class=\"et_pb_row_2 et_pb_row et_block_row\"><div class=\"et_pb_column_3 et_pb_column et_pb_column_4_4 et-last-child et_block_column et_pb_css_mix_blend_mode_passthrough\"><div class=\"et_pb_image_1 et_pb_image et_pb_module et_block_module\"><span class=\"et_pb_image_wrap\"><img loading=\"lazy\" decoding=\"async\" src=\"https:\/\/gngh-abogados.com\/wp-content\/uploads\/2023\/02\/logo.png\" width=\"400\" height=\"100\" srcset=\"https:\/\/gngh-abogados.com\/wp-content\/uploads\/2023\/02\/logo.png 400w\" sizes=\"(max-width: 400px) 100vw, 400px\" class=\"wp-image-262\" title=\"logo\" \/><\/span><\/div><\/div><\/div><\/div><div class=\"et_pb_section_4 et_pb_section et_pb_fullwidth_section et_section_regular et_block_section\"><section class=\"et_pb_fullwidth_header_0 et_pb_fullwidth_header et_pb_bg_layout_dark et_pb_text_align_center et-pb-has-background-video et_pb_preload et_pb_module et_flex_module\"><span class=\"et-pb-background-video\"><video autoplay loop playsinline muted><source type=\"video\/mp4\" src=\"https:\/\/gngh-abogados.com\/wp-content\/uploads\/2023\/04\/banner.m4v\" \/><\/video><\/span><div class=\"et_pb_fullwidth_header_container center\"><div class=\"header-content-container center\"><div class=\"header-content et_flex_module\"><div class=\"et_pb_header_content_wrapper\"><p>Our vocation is to provide personalized legal advice, based on quality, technical rigor, transparency and a close and personal relationship with our clients.<\/p>\n<\/div><div class=\"et_pb_header_button_wrapper\"><a class=\"et_pb_button et_pb_more_button et_pb_button_one\" href=\"https:\/\/gngh-abogados.com\/en\/contact\/\">Contact us<\/a><\/div><\/div><\/div><\/div><div class=\"et_pb_fullwidth_header_overlay\"><\/div><div class=\"et_pb_fullwidth_header_scroll\"><\/div><\/section><\/div>\n","protected":false},"excerpt":{"rendered":"","protected":false},"author":1,"featured_media":0,"parent":0,"menu_order":0,"comment_status":"closed","ping_status":"closed","template":"","meta":{"footnotes":""},"class_list":["post-1438","page","type-page","status-publish","hentry"],"aioseo_notices":[],"_links":{"self":[{"href":"https:\/\/gngh-abogados.com\/en\/wp-json\/wp\/v2\/pages\/1438","targetHints":{"allow":["GET"]}}],"collection":[{"href":"https:\/\/gngh-abogados.com\/en\/wp-json\/wp\/v2\/pages"}],"about":[{"href":"https:\/\/gngh-abogados.com\/en\/wp-json\/wp\/v2\/types\/page"}],"author":[{"embeddable":true,"href":"https:\/\/gngh-abogados.com\/en\/wp-json\/wp\/v2\/users\/1"}],"replies":[{"embeddable":true,"href":"https:\/\/gngh-abogados.com\/en\/wp-json\/wp\/v2\/comments?post=1438"}],"version-history":[{"count":4,"href":"https:\/\/gngh-abogados.com\/en\/wp-json\/wp\/v2\/pages\/1438\/revisions"}],"predecessor-version":[{"id":1801,"href":"https:\/\/gngh-abogados.com\/en\/wp-json\/wp\/v2\/pages\/1438\/revisions\/1801"}],"wp:attachment":[{"href":"https:\/\/gngh-abogados.com\/en\/wp-json\/wp\/v2\/media?parent=1438"}],"curies":[{"name":"wp","href":"https:\/\/api.w.org\/{rel}","templated":true}]}}