{"id":1447,"date":"2023-02-21T15:49:54","date_gmt":"2023-02-21T15:49:54","guid":{"rendered":"https:\/\/gngh-abogados.com\/team\/"},"modified":"2026-03-25T08:32:26","modified_gmt":"2026-03-25T08:32:26","slug":"team","status":"publish","type":"page","link":"https:\/\/gngh-abogados.com\/en\/team\/","title":{"rendered":"Team"},"content":{"rendered":"\n<div class=\"et_pb_section_0 et_pb_section et_section_regular et_block_section\"><div class=\"et_pb_row_0 et_pb_row et_block_row\"><div class=\"et_pb_column_0 et_pb_column et_pb_column_4_4 et-last-child et_block_column et_pb_css_mix_blend_mode_passthrough\"><div class=\"et_pb_text_0 et_pb_text et_pb_bg_layout_light et_pb_module et_block_module et_pb_text_align_center\"><div class=\"et_pb_text_inner\"><h1>Team<\/h1>\n<\/div><\/div><\/div><\/div><\/div><div class=\"et_pb_section_1 et_pb_section et_section_regular et_block_section\"><div class=\"et_pb_row_1 et_pb_row et_block_row comp-size\"><div class=\"et_pb_column_1 et_pb_column et_pb_column_1_3 et_block_column et_pb_css_mix_blend_mode_passthrough\"><div class=\"et_pb_team_member_0 et_pb_team_member et_pb_bg_layout_light et_clickable et_pb_module et_block_module\"><div class=\"et_pb_team_member_image et-waypoint et_pb_animation_off\"><img loading=\"lazy\" decoding=\"async\" src=\"https:\/\/gngh-abogados.com\/wp-content\/uploads\/2023\/02\/juan-ramon-garcia-notario-1.jpg\" alt=\"Juan Ram\u00f3n Garc\u00eda Notario\" width=\"600\" height=\"800\" srcset=\"https:\/\/gngh-abogados.com\/wp-content\/uploads\/2023\/02\/juan-ramon-garcia-notario-1.jpg 600w\" sizes=\"(max-width: 600px) 100vw, 600px\" class=\"wp-image-394\" \/><\/div><div class=\"et_pb_team_member_description\"><h4 class=\"et_pb_module_header\">Juan Ram\u00f3n Garc\u00eda Notario<\/h4><p class=\"et_pb_member_position\">Managing Partner<\/p><\/div><\/div><\/div><div class=\"et_pb_column_2 et_pb_column et_pb_column_1_3 et_block_column et_pb_css_mix_blend_mode_passthrough\"><div class=\"et_pb_team_member_1 et_pb_team_member et_pb_bg_layout_light et_clickable et_pb_module et_block_module\"><div class=\"et_pb_team_member_image et-waypoint et_pb_animation_off\"><img loading=\"lazy\" decoding=\"async\" src=\"https:\/\/gngh-abogados.com\/wp-content\/uploads\/2023\/02\/carlos-gil-heras.jpg\" alt=\"Carlos Gil de las Heras\" width=\"600\" height=\"800\" srcset=\"https:\/\/gngh-abogados.com\/wp-content\/uploads\/2023\/02\/carlos-gil-heras.jpg 600w\" sizes=\"(max-width: 600px) 100vw, 600px\" class=\"wp-image-398\" \/><\/div><div class=\"et_pb_team_member_description\"><h4 class=\"et_pb_module_header\">Carlos Gil de las Heras<\/h4><p class=\"et_pb_member_position\">Managing Partner<\/p><\/div><\/div><\/div><div class=\"et_pb_column_3 et_pb_column et_pb_column_1_3 et-last-child et_block_column et_pb_css_mix_blend_mode_passthrough\"><div class=\"et_pb_team_member_2 et_pb_team_member et_pb_bg_layout_light et_clickable et_pb_module et_block_module\"><div class=\"et_pb_team_member_image et-waypoint et_pb_animation_off\"><img loading=\"lazy\" decoding=\"async\" src=\"https:\/\/gngh-abogados.com\/wp-content\/uploads\/2023\/02\/carlos-rodriguez-villasante-gonzalez.jpg\" alt=\"Carlos Rodr\u00edguez-Villasante Gonz\u00e1lez\" width=\"600\" height=\"800\" srcset=\"https:\/\/gngh-abogados.com\/wp-content\/uploads\/2023\/02\/carlos-rodriguez-villasante-gonzalez.jpg 600w\" sizes=\"(max-width: 600px) 100vw, 600px\" class=\"wp-image-399\" \/><\/div><div class=\"et_pb_team_member_description\"><h4 class=\"et_pb_module_header\">Carlos Rodr\u00edguez-Villasante Gonz\u00e1lez<\/h4><p class=\"et_pb_member_position\">Of Counsel<\/p><\/div><\/div><\/div><\/div><div class=\"et_pb_row_2 et_pb_row et_block_row\"><div class=\"et_pb_column_4 et_pb_column et_pb_column_1_3 et_block_column et_pb_css_mix_blend_mode_passthrough\"><div class=\"et_pb_team_member_3 et_pb_team_member et_pb_bg_layout_light et_clickable et_pb_module et_block_module\"><div class=\"et_pb_team_member_image et-waypoint et_pb_animation_off\"><img loading=\"lazy\" decoding=\"async\" src=\"https:\/\/gngh-abogados.com\/wp-content\/uploads\/2023\/02\/ignacio-munoz-delgado-carranza.jpg\" alt=\"Ignacio Mu\u00f1oz-Delgado Carranza\" width=\"600\" height=\"800\" srcset=\"https:\/\/gngh-abogados.com\/wp-content\/uploads\/2023\/02\/ignacio-munoz-delgado-carranza.jpg 600w\" sizes=\"(max-width: 600px) 100vw, 600px\" class=\"wp-image-396\" \/><\/div><div class=\"et_pb_team_member_description\"><h4 class=\"et_pb_module_header\">Ignacio Mu\u00f1oz-Delgado Carranza<\/h4><p class=\"et_pb_member_position\">Lawyer<\/p><\/div><\/div><\/div><div class=\"et_pb_column_5 et_pb_column et_pb_column_1_3 et_block_column et_pb_css_mix_blend_mode_passthrough\"><div class=\"et_pb_team_member_4 et_pb_team_member et_pb_bg_layout_light et_clickable et_pb_module et_block_module\"><div class=\"et_pb_team_member_image et-waypoint et_pb_animation_off\"><img loading=\"lazy\" decoding=\"async\" src=\"https:\/\/gngh-abogados.com\/wp-content\/uploads\/2023\/02\/paula-lopez-noriega.jpg\" alt=\"Paula L\u00f3pez Noriega\" width=\"600\" height=\"800\" srcset=\"https:\/\/gngh-abogados.com\/wp-content\/uploads\/2023\/02\/paula-lopez-noriega.jpg 600w\" sizes=\"(max-width: 600px) 100vw, 600px\" class=\"wp-image-402\" \/><\/div><div class=\"et_pb_team_member_description\"><h4 class=\"et_pb_module_header\">Paula L\u00f3pez Noriega<\/h4><p class=\"et_pb_member_position\">Lawyer<\/p><\/div><\/div><\/div><div class=\"et_pb_column_6 et_pb_column et_pb_column_1_3 et-last-child et_block_column et_pb_css_mix_blend_mode_passthrough\"><div class=\"et_pb_team_member_5 et_pb_team_member et_pb_bg_layout_light et_clickable et_pb_module et_block_module\"><div class=\"et_pb_team_member_image et-waypoint et_pb_animation_off\"><img loading=\"lazy\" decoding=\"async\" src=\"https:\/\/gngh-abogados.com\/wp-content\/uploads\/2023\/02\/esther-moreno-sotelo.jpg\" alt=\"Esther Moreno Sotelo\" width=\"600\" height=\"800\" srcset=\"https:\/\/gngh-abogados.com\/wp-content\/uploads\/2023\/02\/esther-moreno-sotelo.jpg 600w\" sizes=\"(max-width: 600px) 100vw, 600px\" class=\"wp-image-400\" \/><\/div><div class=\"et_pb_team_member_description\"><h4 class=\"et_pb_module_header\">Esther Moreno Sotelo<\/h4><p class=\"et_pb_member_position\">Lawyer<\/p><\/div><\/div><\/div><\/div><div class=\"et_pb_row_3 et_pb_row et_block_row\"><div class=\"et_pb_column_7 et_pb_column et_pb_column_1_3 et_block_column et_pb_css_mix_blend_mode_passthrough\"><div class=\"et_pb_team_member_6 et_pb_team_member et_pb_bg_layout_light et_clickable et_pb_module et_block_module\"><div class=\"et_pb_team_member_image et-waypoint et_pb_animation_off\"><img loading=\"lazy\" decoding=\"async\" src=\"https:\/\/gngh-abogados.com\/wp-content\/uploads\/2023\/02\/maria-perez-alvarez.jpg\" alt=\"Mar\u00eda P\u00e9rez \u00c1lvarez\" width=\"600\" height=\"800\" srcset=\"https:\/\/gngh-abogados.com\/wp-content\/uploads\/2023\/02\/maria-perez-alvarez.jpg 600w\" sizes=\"(max-width: 600px) 100vw, 600px\" class=\"wp-image-393\" \/><\/div><div class=\"et_pb_team_member_description\"><h4 class=\"et_pb_module_header\">Mar\u00eda P\u00e9rez \u00c1lvarez<\/h4><p class=\"et_pb_member_position\">Lawyer<\/p><\/div><\/div><\/div><div class=\"et_pb_column_8 et_pb_column et_pb_column_1_3 et_block_column et_pb_css_mix_blend_mode_passthrough\"><div class=\"et_pb_team_member_7 et_pb_team_member et_pb_bg_layout_light et_clickable et_pb_module et_block_module\"><div class=\"et_pb_team_member_image et-waypoint et_pb_animation_off\"><img loading=\"lazy\" decoding=\"async\" src=\"https:\/\/gngh-abogados.com\/wp-content\/uploads\/2023\/02\/lynette-stanziola.jpg\" alt=\"Lynette Stanziola\" width=\"600\" height=\"800\" srcset=\"https:\/\/gngh-abogados.com\/wp-content\/uploads\/2023\/02\/lynette-stanziola.jpg 600w\" sizes=\"(max-width: 600px) 100vw, 600px\" class=\"wp-image-395\" \/><\/div><div class=\"et_pb_team_member_description\"><h4 class=\"et_pb_module_header\">Lynette Stanziola<\/h4><p class=\"et_pb_member_position\">Lawyer<\/p><\/div><\/div><\/div><div class=\"et_pb_column_9 et_pb_column et_pb_column_1_3 et-last-child et_block_column et_pb_css_mix_blend_mode_passthrough\"><div class=\"et_pb_team_member_8 et_pb_team_member et_pb_bg_layout_light et_clickable et_pb_module et_block_module\"><div class=\"et_pb_team_member_image et-waypoint et_pb_animation_off\"><img loading=\"lazy\" decoding=\"async\" src=\"https:\/\/gngh-abogados.com\/wp-content\/uploads\/2023\/02\/belgin-dinc.jpg\" alt=\"Fatma Belgin Din\u00e7\" width=\"600\" height=\"800\" srcset=\"https:\/\/gngh-abogados.com\/wp-content\/uploads\/2023\/02\/belgin-dinc.jpg 600w\" sizes=\"(max-width: 600px) 100vw, 600px\" class=\"wp-image-397\" \/><\/div><div class=\"et_pb_team_member_description\"><h4 class=\"et_pb_module_header\">Fatma Belgin Din\u00e7<\/h4><p class=\"et_pb_member_position\">Lawyer<\/p><\/div><\/div><\/div><\/div><div class=\"et_pb_row_4 et_pb_row et_pb_row_4col et_block_row et_block_row_4col\"><div class=\"et_pb_column_10 et_pb_column et_pb_column_1_4 et_block_column et_pb_column_empty et_pb_css_mix_blend_mode_passthrough\"><\/div><div class=\"et_pb_column_11 et_pb_column et_pb_column_1_4 et_block_column et_pb_css_mix_blend_mode_passthrough\"><div class=\"et_pb_team_member_9 et_pb_team_member et_pb_bg_layout_light et_clickable et_pb_module et_block_module\"><div class=\"et_pb_team_member_image et-waypoint et_pb_animation_off\"><img loading=\"lazy\" decoding=\"async\" src=\"https:\/\/gngh-abogados.com\/wp-content\/uploads\/2023\/02\/rocio-maneru-alcon.jpg\" alt=\"Roc\u00edo Ma\u00f1eru Alc\u00f3n\" width=\"600\" height=\"800\" srcset=\"https:\/\/gngh-abogados.com\/wp-content\/uploads\/2023\/02\/rocio-maneru-alcon.jpg 600w\" sizes=\"(max-width: 600px) 100vw, 600px\" class=\"wp-image-401\" \/><\/div><div class=\"et_pb_team_member_description\"><h4 class=\"et_pb_module_header\">Roc\u00edo Ma\u00f1eru Alc\u00f3n<\/h4><p class=\"et_pb_member_position\">Management Secretary<\/p><\/div><\/div><\/div><div class=\"et_pb_column_12 et_pb_column et_pb_column_1_4 et_block_column et_pb_css_mix_blend_mode_passthrough\"><div class=\"et_pb_team_member_10 et_pb_team_member et_pb_bg_layout_light et_clickable et_pb_module et_block_module\"><div class=\"et_pb_team_member_image et-waypoint et_pb_animation_off\"><img loading=\"lazy\" decoding=\"async\" src=\"https:\/\/gngh-abogados.com\/wp-content\/uploads\/2023\/02\/magdalena-enache.jpg\" alt=\"Magdalena Enache\" width=\"600\" height=\"800\" srcset=\"https:\/\/gngh-abogados.com\/wp-content\/uploads\/2023\/02\/magdalena-enache.jpg 600w\" sizes=\"(max-width: 600px) 100vw, 600px\" class=\"wp-image-403\" \/><\/div><div class=\"et_pb_team_member_description\"><h4 class=\"et_pb_module_header\">Magdalena Enache<\/h4><p class=\"et_pb_member_position\">Management Secretary<\/p><\/div><\/div><\/div><div class=\"et_pb_column_13 et_pb_column et_pb_column_1_4 et-last-child et_block_column et_pb_column_empty et_pb_css_mix_blend_mode_passthrough\"><\/div><\/div><\/div><div class=\"et_pb_section_2 et_pb_section et_section_regular et_block_section et_animated\"><div class=\"et_pb_row_5 et_pb_row et_block_row\"><div class=\"et_pb_column_14 et_pb_column et_pb_column_4_4 et-last-child et_block_column et_pb_css_mix_blend_mode_passthrough\"><div class=\"et_pb_image_0 et_pb_image et_pb_module et_block_module\"><span class=\"et_pb_image_wrap\"><img loading=\"lazy\" decoding=\"async\" src=\"https:\/\/gngh-abogados.com\/wp-content\/uploads\/2023\/02\/logo.png\" width=\"400\" height=\"100\" srcset=\"https:\/\/gngh-abogados.com\/wp-content\/uploads\/2023\/02\/logo.png 400w\" sizes=\"(max-width: 400px) 100vw, 400px\" class=\"wp-image-262\" title=\"logo\" \/><\/span><\/div><\/div><\/div><\/div><div class=\"et_pb_section_4 et_pb_section et_pb_fullwidth_section et_section_regular et_block_section\"><section class=\"et_pb_fullwidth_header_0 et_pb_fullwidth_header et_pb_bg_layout_dark et_pb_text_align_center et-pb-has-background-video et_pb_preload et_pb_module et_flex_module\"><span class=\"et-pb-background-video\"><video autoplay loop playsinline muted><source type=\"video\/mp4\" src=\"https:\/\/gngh-abogados.com\/wp-content\/uploads\/2023\/04\/banner.m4v\" \/><\/video><\/span><div class=\"et_pb_fullwidth_header_container center\"><div class=\"header-content-container center\"><div class=\"header-content et_flex_module\"><div class=\"et_pb_header_content_wrapper\"><p>Our vocation is to provide personalized legal advice, based on quality, technical rigor, transparency and a close and personal relationship with our clients.<\/p>\n<\/div><div class=\"et_pb_header_button_wrapper\"><a class=\"et_pb_button et_pb_more_button et_pb_button_one\" href=\"https:\/\/gngh-abogados.com\/en\/contact\/\">Contact us<\/a><\/div><\/div><\/div><\/div><div class=\"et_pb_fullwidth_header_overlay\"><\/div><div class=\"et_pb_fullwidth_header_scroll\"><\/div><\/section><\/div>\n","protected":false},"excerpt":{"rendered":"","protected":false},"author":1,"featured_media":0,"parent":0,"menu_order":0,"comment_status":"closed","ping_status":"closed","template":"","meta":{"footnotes":""},"class_list":["post-1447","page","type-page","status-publish","hentry"],"aioseo_notices":[],"_links":{"self":[{"href":"https:\/\/gngh-abogados.com\/en\/wp-json\/wp\/v2\/pages\/1447","targetHints":{"allow":["GET"]}}],"collection":[{"href":"https:\/\/gngh-abogados.com\/en\/wp-json\/wp\/v2\/pages"}],"about":[{"href":"https:\/\/gngh-abogados.com\/en\/wp-json\/wp\/v2\/types\/page"}],"author":[{"embeddable":true,"href":"https:\/\/gngh-abogados.com\/en\/wp-json\/wp\/v2\/users\/1"}],"replies":[{"embeddable":true,"href":"https:\/\/gngh-abogados.com\/en\/wp-json\/wp\/v2\/comments?post=1447"}],"version-history":[{"count":4,"href":"https:\/\/gngh-abogados.com\/en\/wp-json\/wp\/v2\/pages\/1447\/revisions"}],"predecessor-version":[{"id":1770,"href":"https:\/\/gngh-abogados.com\/en\/wp-json\/wp\/v2\/pages\/1447\/revisions\/1770"}],"wp:attachment":[{"href":"https:\/\/gngh-abogados.com\/en\/wp-json\/wp\/v2\/media?parent=1447"}],"curies":[{"name":"wp","href":"https:\/\/api.w.org\/{rel}","templated":true}]}}