{"id":1475,"date":"2023-01-09T15:17:07","date_gmt":"2023-01-09T15:17:07","guid":{"rendered":"https:\/\/gngh-abogados.com\/home\/"},"modified":"2026-03-25T09:51:41","modified_gmt":"2026-03-25T09:51:41","slug":"home","status":"publish","type":"page","link":"https:\/\/gngh-abogados.com\/en\/","title":{"rendered":"Home"},"content":{"rendered":"<div class=\"et_pb_section_0 et_pb_section et_pb_fullwidth_section et_section_regular et_block_section\">\r\n<section class=\"et_pb_fullwidth_header_0 et_pb_fullwidth_header et_pb_bg_layout_dark et_pb_text_align_center et_pb_module et_flex_module\"><div class=\"et_pb_fullwidth_header_container center\"><div class=\"header-content-container center\"><div class=\"header-content et_flex_module\"><div class=\"et_pb_header_button_wrapper\"><\/div><\/div><\/div><\/div><div class=\"et_pb_fullwidth_header_overlay\"><\/div><div class=\"et_pb_fullwidth_header_scroll\"><\/div><\/section>\r\n<\/div>\r\n\r\n<div class=\"et_pb_section_1 et_pb_section et_section_regular et_block_section\">\r\n<div class=\"et_pb_row_0 et_pb_row et_block_row\">\r\n<div class=\"et_pb_column_0 et_pb_column et_pb_column_4_4 et-last-child et_block_column et_pb_css_mix_blend_mode_passthrough\">\r\n<div class=\"et_pb_text_0 et_pb_text et_pb_bg_layout_light et_pb_module et_block_module\"><div class=\"et_pb_text_inner\"><h1>Home<\/h1>\n<\/div><\/div>\r\n<\/div>\r\n<\/div>\r\n<\/div>\r\n\r\n<div class=\"et_pb_section_2 et_pb_section et_section_regular et_block_section\">\r\n<div class=\"et_pb_row_1 et_pb_row et_block_row\">\r\n<div class=\"et_pb_column_1 et_pb_column et_pb_column_4_4 et-last-child et_block_column et_pb_css_mix_blend_mode_passthrough\">\r\n<div class=\"et_pb_text_1 et_pb_text et_pb_bg_layout_light et_pb_module et_block_module\"><div class=\"et_pb_text_inner\"><p><strong>GNGH ABOGADOS<\/strong> is a law firm based in Madrid with a team of professionals who combine their solid legal training with a proven professional practice, both in the public and private sectors.<\/p>\n<\/div><\/div>\r\n<\/div>\r\n<\/div>\r\n\r\n<div class=\"et_pb_row_2 et_pb_row et_pb_equal_columns et_block_row\">\r\n<div class=\"et_pb_column_2 et_pb_column et_pb_column_1_2 et_block_column et_pb_css_mix_blend_mode_passthrough\">\r\n<div class=\"et_pb_text_2 et_pb_text et_pb_bg_layout_light et_pb_module et_block_module\"><div class=\"et_pb_text_inner\"><h4><strong>LEGAL NEWS<\/strong><\/h4>\n<\/div><\/div>\r\n\r\n<div class=\"et_pb_divider_0 et_pb_divider et_pb_space et_pb_divider_position_top et_pb_module\"><div class=\"et_pb_divider_internal\"><\/div><\/div>\r\n\r\n<div class=\"et_pb_post_slider_0 et_pb_post_slider et_pb_bg_layout_dark et_pb_slider et_pb_slider_fullwidth_off et_pb_post_slider_image_background et_pb_slider_with_overlay et_pb_module et_block_module\"><div class=\"et_pb_slides\"><div class=\"et_pb_slide et_pb_slide_with_no_image et_pb_post_slide-737\"><div class=\"et_pb_slide_overlay_container\"><\/div><div class=\"et_pb_container clearfix\"><div class=\"et_pb_slider_container_inner\"><div class=\"et_pb_slide_description\"><h2 class=\"et_pb_slide_title\"><a href=\"https:\/\/gngh-abogados.com\/en\/publicacion-de-la-nueva-ley-de-contratos-de-los-sectores-excluidos\/\">PUBLICACI\u00d3N DE LA NUEVA LEY DE CONTRATOS DE LOS SECTORES EXCLUIDOS<\/a><\/h2><div class=\"et_pb_slide_content\"><div class=\"et_pb_slide_content_body\"><p>El pasado 5 de febrero de 2020 se public\u00f3 en el BOE n\u00fam. 31 el Real Decreto-ley 3\/2020, de 4 de febrero, de medidas urgentes por el que se incorporan al ordenamiento jur\u00eddico espa\u00f1ol diversas directivas de la Uni\u00f3n Europea en el \u00e1mbito de la contrataci\u00f3n p\u00fablica en&#8230;<\/p>\n<\/div><\/div><div class=\"et_pb_button_wrapper\"><a class=\"et_pb_button et_pb_more_button\" href=\"https:\/\/gngh-abogados.com\/en\/publicacion-de-la-nueva-ley-de-contratos-de-los-sectores-excluidos\/\">Read More<\/a><\/div><\/div><\/div><\/div><\/div><div class=\"et_pb_slide et_pb_slide_with_no_image et_pb_post_slide-619\"><div class=\"et_pb_slide_overlay_container\"><\/div><div class=\"et_pb_container clearfix\"><div class=\"et_pb_slider_container_inner\"><div class=\"et_pb_slide_description\"><h2 class=\"et_pb_slide_title\"><a href=\"https:\/\/gngh-abogados.com\/en\/publicacion-de-la-nueva-ley-9-2017-de-8-de-noviembre-de-contratos-del-sector-publico\/\">PUBLICACI\u00d3N DE LA NUEVA LEY 9\/2017, DE 8 DE NOVIEMBRE, DE CONTRATOS DEL SECTOR P\u00daBLICO.<\/a><\/h2><div class=\"et_pb_slide_content\"><div class=\"et_pb_slide_content_body\"><p>El pasado 9 de noviembre se public\u00f3 en el Bolet\u00edn Oficial del Estado la nueva Ley 9\/2017, de 8 de noviembre, de Contratos del Sector P\u00fablico, por la que se incorporan al ordenamiento jur\u00eddico espa\u00f1ol las Directivas del Parlamento Europeo y del Consejo 2014\/23\/UE y&#8230;<\/p>\n<\/div><\/div><div class=\"et_pb_button_wrapper\"><a class=\"et_pb_button et_pb_more_button\" href=\"https:\/\/gngh-abogados.com\/en\/publicacion-de-la-nueva-ley-9-2017-de-8-de-noviembre-de-contratos-del-sector-publico\/\">Read More<\/a><\/div><\/div><\/div><\/div><\/div><div class=\"et_pb_slide et_pb_slide_with_no_image et_pb_post_slide-517\"><div class=\"et_pb_slide_overlay_container\"><\/div><div class=\"et_pb_container clearfix\"><div class=\"et_pb_slider_container_inner\"><div class=\"et_pb_slide_description\"><h2 class=\"et_pb_slide_title\"><a href=\"https:\/\/gngh-abogados.com\/en\/publicacion-del-reglamento-europeo-que-crea-un-marco-para-la-prestacion-de-servicios-portuarios-y-se-adoptan-normas-comunes-sobre-la-transparencia-financiera-de-los-puertos\/\">PUBLICACI\u00d3N DEL REGLAMENTO EUROPEO QUE CREA UN MARCO PARA LA PRESTACI\u00d3N DE SERVICIOS PORTUARIOS Y SE ADOPTAN NORMAS COMUNES SOBRE LA TRANSPARENCIA FINANCIERA DE LOS PUERTOS.<\/a><\/h2><div class=\"et_pb_slide_content\"><div class=\"et_pb_slide_content_body\"><p>El pasado 3 de marzo de 2017 se public\u00f3 en el DOUE el Reglamento (UE) 2017\/352 del Parlamento Europeo y del Consejo, de 15 de febrero de 2017, por el que se crea un marco para la prestaci\u00f3n de servicios portuarios y se adoptan normas comunes sobre la transparencia&#8230;<\/p>\n<\/div><\/div><div class=\"et_pb_button_wrapper\"><a class=\"et_pb_button et_pb_more_button\" href=\"https:\/\/gngh-abogados.com\/en\/publicacion-del-reglamento-europeo-que-crea-un-marco-para-la-prestacion-de-servicios-portuarios-y-se-adoptan-normas-comunes-sobre-la-transparencia-financiera-de-los-puertos\/\">Read More<\/a><\/div><\/div><\/div><\/div><\/div><\/div><\/div>\r\n<\/div>\r\n\r\n<div class=\"et_pb_column_3 et_pb_column et_pb_column_1_2 et-last-child et_block_column et_pb_css_mix_blend_mode_passthrough\">\r\n<div class=\"et_pb_text_3 et_pb_text et_pb_bg_layout_light et_pb_module et_block_module\"><div class=\"et_pb_text_inner\"><h4><strong>GNGH NEWS<\/strong><\/h4>\n<\/div><\/div>\r\n\r\n<div class=\"et_pb_divider_1 et_pb_divider et_pb_space et_pb_divider_position_top et_pb_module\"><div class=\"et_pb_divider_internal\"><\/div><\/div>\r\n\r\n<div class=\"et_pb_post_slider_1 et_pb_post_slider et_pb_bg_layout_dark et_pb_slider et_pb_slider_fullwidth_off et_pb_post_slider_image_background et_pb_slider_with_overlay et_pb_module et_block_module\"><div class=\"et_pb_slides\"><div class=\"et_pb_slide et_pb_post_slide-1210\" style=\"background-repeat:no-repeat;background-image:url(https:\/\/gngh-abogados.com\/wp-content\/uploads\/2024\/11\/ssadsa.jpg);background-color:var(--gcid-primary-color)\"><div class=\"et_pb_slide_overlay_container\"><\/div><div class=\"et_pb_container clearfix\"><div class=\"et_pb_slider_container_inner\"><div class=\"et_pb_slide_description\"><h2 class=\"et_pb_slide_title\"><a href=\"https:\/\/gngh-abogados.com\/en\/el-ts-declara-ilegal-el-tipo-autonomico-del-impuesto-especial-sobre-hidrocarburos-y-determina-quien-tiene-derecho-a-instar-el-proceso-de-devolucion-de-ingresos-ante-la-administracion\/\">EL TS DECLARA ILEGAL EL TIPO AUTON\u00d3MICO DEL IMPUESTO ESPECIAL SOBRE HIDROCARBUROS, Y DETERMINA QUI\u00c9N TIENE DERECHO A INSTAR EL PROCESO DE DEVOLUCI\u00d3N DE INGRESOS ANTE LA ADMINISTRACI\u00d3N.<\/a><\/h2><div class=\"et_pb_slide_content\"><div class=\"et_pb_slide_content_body\"><p>La Sala Tercera de lo Contencioso-administrativo (Secci\u00f3n 2\u00aa) del Tribunal Supremo (TS), mediante Sentencia n\u00fam. 1470\/2024, de 20 de septiembre de 2024, ha declarado la ilegalidad del tipo auton\u00f3mico del Impuesto especial sobre Hidrocarburos (IH), exigido en Espa\u00f1a&#8230;<\/p>\n<\/div><\/div><div class=\"et_pb_button_wrapper\"><a class=\"et_pb_button et_pb_more_button\" href=\"https:\/\/gngh-abogados.com\/en\/el-ts-declara-ilegal-el-tipo-autonomico-del-impuesto-especial-sobre-hidrocarburos-y-determina-quien-tiene-derecho-a-instar-el-proceso-de-devolucion-de-ingresos-ante-la-administracion\/\">Read More<\/a><\/div><\/div><\/div><\/div><\/div><div class=\"et_pb_slide et_pb_post_slide-1197\" style=\"background-repeat:no-repeat;background-image:url(https:\/\/gngh-abogados.com\/wp-content\/uploads\/2024\/07\/modificacion-real-decreto-legislativo-2-2011-5-septiembre-por-que-se-aprueba-texto-refundido-ley-puertos-estado-marina-mercante.jpg);background-color:var(--gcid-primary-color)\"><div class=\"et_pb_slide_overlay_container\"><\/div><div class=\"et_pb_container clearfix\"><div class=\"et_pb_slider_container_inner\"><div class=\"et_pb_slide_description\"><h2 class=\"et_pb_slide_title\"><a href=\"https:\/\/gngh-abogados.com\/en\/modificacion-real-decreto-legislativo-2-2011-5-septiembre-por-que-se-aprueba-texto-refundido-ley-puertos-estado-marina-mercante\/\">Modificaci\u00f3n del Real Decreto Legislativo 2\/2011, de 5 de septiembre, por el que se aprueba el texto refundido de la Ley de Puertos del Estado y de la Marina Mercante<\/a><\/h2><div class=\"et_pb_slide_content\"><div class=\"et_pb_slide_content_body\"><p>An\u00e1lisis de la reforma del texto refundido de la ley de puertos tras la aprobaci\u00f3n por las cortes generales de la ley de creaci\u00f3n de la autoridad administrativa independiente para la investigaci\u00f3n t\u00e9cnica de accidentes e incidentes ferroviarios, mar\u00edtimos y de&#8230;<\/p>\n<\/div><\/div><div class=\"et_pb_button_wrapper\"><a class=\"et_pb_button et_pb_more_button\" href=\"https:\/\/gngh-abogados.com\/en\/modificacion-real-decreto-legislativo-2-2011-5-septiembre-por-que-se-aprueba-texto-refundido-ley-puertos-estado-marina-mercante\/\">Read More<\/a><\/div><\/div><\/div><\/div><\/div><div class=\"et_pb_slide et_pb_post_slide-1715\" style=\"background-repeat:no-repeat;background-image:url(https:\/\/gngh-abogados.com\/wp-content\/uploads\/2024\/04\/audiencia-nacional-declara-que-oficina-espanola-patentes-marcas-no-tiene-competencia-para-prestacion-servicio-diagnostico-propiedad-industrial.jpg);background-color:var(--gcid-primary-color)\"><div class=\"et_pb_slide_overlay_container\"><\/div><div class=\"et_pb_container clearfix\"><div class=\"et_pb_slider_container_inner\"><div class=\"et_pb_slide_description\"><h2 class=\"et_pb_slide_title\"><a href=\"https:\/\/gngh-abogados.com\/en\/audiencia-nacional-declara-que-oficina-espanola-patentes-marcas-no-tiene-competencia-para-prestacion-servicio-diagnostico-propiedad-industrial\/\">La Audiencia Nacional declara que la Oficina Espa\u00f1ola de Patentes y Marcas no tiene competencia para la prestaci\u00f3n de un servicio de diagn\u00f3stico de propiedad industrial.<\/a><\/h2><div class=\"et_pb_slide_content\"><div class=\"et_pb_slide_content_body\"><p>La Sentencia de 31 de octubre de 2023, de la Sala de lo Contencioso-Administrativo de la Audiencia Nacional, ha declarado nula la Resoluci\u00f3n de 25 de enero de 2021, dictada por la Oficina Espa\u00f1ola de Patentes y Marcas (OEPM), por la que se modificaba la Orden&#8230;<\/p>\n<\/div><\/div><div class=\"et_pb_button_wrapper\"><a class=\"et_pb_button et_pb_more_button\" href=\"https:\/\/gngh-abogados.com\/en\/audiencia-nacional-declara-que-oficina-espanola-patentes-marcas-no-tiene-competencia-para-prestacion-servicio-diagnostico-propiedad-industrial\/\">Read More<\/a><\/div><\/div><\/div><\/div><\/div><\/div><\/div>\r\n<\/div>\r\n<\/div>\r\n\r\n\r\n\r\n<div class=\"et_pb_row_4 et_pb_row et_block_row\">\r\n<div class=\"et_pb_column_6 et_pb_column et_pb_column_4_4 et-last-child et_block_column et_pb_css_mix_blend_mode_passthrough\">\r\n<div class=\"et_pb_divider_2 et_pb_divider et_pb_space et_pb_divider_position_top et_pb_module\"><div class=\"et_pb_divider_internal\"><\/div><\/div>\r\n<\/div>\r\n<\/div>\r\n\r\n\r\n\r\n<div class=\"et_pb_row_6 et_pb_row et_block_row\">\r\n<div class=\"et_pb_column_9 et_pb_column et_pb_column_4_4 et-last-child et_block_column et_pb_css_mix_blend_mode_passthrough\">\r\n<div class=\"et_pb_text_4 et_pb_text et_pb_bg_layout_light et_pb_module et_block_module\"><div class=\"et_pb_text_inner\"><h2>PRACTICE AREAS<\/h2>\n<\/div><\/div>\r\n<\/div>\r\n<\/div>\r\n\r\n<div class=\"et_pb_row_7 et_pb_row et_block_row\">\r\n<div class=\"et_pb_column_10 et_pb_column et_pb_column_1_3 et_block_column et_pb_css_mix_blend_mode_passthrough\">\r\n<div class=\"et_pb_blurb_8 et_pb_blurb et_pb_bg_layout_light et_pb_blurb_position_top et_pb_module et_block_module\"><div class=\"et_pb_blurb_content\"><div class=\"et_pb_main_blurb_image\"><a href=\"https:\/\/gngh-abogados.com\/derecho-portuario\/\"><span class=\"et_pb_image_wrap\"><span class=\"et-pb-icon\">\uf21a<\/span><\/span><\/a><\/div><div class=\"et_pb_blurb_container\"><h4 class=\"et_pb_module_header\"><a href=\"https:\/\/gngh-abogados.com\/derecho-portuario\/\">Port Law<\/a><\/h4><\/div><\/div><\/div>\r\n\r\n<div class=\"et_pb_blurb_9 et_pb_blurb et_pb_bg_layout_light et_pb_blurb_position_top et_pb_module et_block_module\"><div class=\"et_pb_blurb_content\"><div class=\"et_pb_main_blurb_image\"><a href=\"https:\/\/gngh-abogados.com\/derecho-privado\/\"><span class=\"et_pb_image_wrap\"><span class=\"et-pb-icon\">\ue059<\/span><\/span><\/a><\/div><div class=\"et_pb_blurb_container\"><h4 class=\"et_pb_module_header\"><a href=\"https:\/\/gngh-abogados.com\/derecho-privado\/\">Private Law<\/a><\/h4><\/div><\/div><\/div>\r\n<\/div>\r\n\r\n<div class=\"et_pb_column_11 et_pb_column et_pb_column_1_3 et_block_column et_pb_css_mix_blend_mode_passthrough\">\r\n<div class=\"et_pb_blurb_10 et_pb_blurb et_pb_bg_layout_light et_pb_blurb_position_top et_pb_module et_block_module\"><div class=\"et_pb_blurb_content\"><div class=\"et_pb_main_blurb_image\"><a href=\"https:\/\/gngh-abogados.com\/contratos-sector-publico\/\"><span class=\"et_pb_image_wrap\"><span class=\"et-pb-icon\">\ue0f7<\/span><\/span><\/a><\/div><div class=\"et_pb_blurb_container\"><h4 class=\"et_pb_module_header\"><a href=\"https:\/\/gngh-abogados.com\/contratos-sector-publico\/\">Public Contracts<\/a><\/h4><\/div><\/div><\/div>\r\n\r\n<div class=\"et_pb_blurb_11 et_pb_blurb et_pb_bg_layout_light et_pb_blurb_position_top et_pb_module et_block_module\"><div class=\"et_pb_blurb_content\"><div class=\"et_pb_main_blurb_image\"><a href=\"https:\/\/gngh-abogados.com\/defensa-y-seguridad\/\"><span class=\"et_pb_image_wrap\"><span class=\"et-pb-icon\">\uf505<\/span><\/span><\/a><\/div><div class=\"et_pb_blurb_container\"><h4 class=\"et_pb_module_header\"><a href=\"https:\/\/gngh-abogados.com\/defensa-y-seguridad\/\">Defense and Security<\/a><\/h4><\/div><\/div><\/div>\r\n<\/div>\r\n\r\n<div class=\"et_pb_column_12 et_pb_column et_pb_column_1_3 et-last-child et_block_column et_pb_css_mix_blend_mode_passthrough\">\r\n<div class=\"et_pb_blurb_12 et_pb_blurb et_pb_bg_layout_light et_pb_blurb_position_top et_pb_module et_block_module\"><div class=\"et_pb_blurb_content\"><div class=\"et_pb_main_blurb_image\"><a href=\"https:\/\/gngh-abogados.com\/derecho-publico-competencia\/\"><span class=\"et_pb_image_wrap\"><span class=\"et-pb-icon\">\uf02d<\/span><\/span><\/a><\/div><div class=\"et_pb_blurb_container\"><h4 class=\"et_pb_module_header\"><a href=\"https:\/\/gngh-abogados.com\/derecho-publico-competencia\/\">Public and Competition Law<\/a><\/h4><\/div><\/div><\/div>\r\n\r\n<div class=\"et_pb_blurb_13 et_pb_blurb et_pb_bg_layout_light et_pb_blurb_position_top et_pb_module et_block_module\"><div class=\"et_pb_blurb_content\"><div class=\"et_pb_main_blurb_image\"><a href=\"https:\/\/gngh-abogados.com\/internacionalizacion\/\"><span class=\"et_pb_image_wrap\"><span class=\"et-pb-icon\">\uf0ac<\/span><\/span><\/a><\/div><div class=\"et_pb_blurb_container\"><h4 class=\"et_pb_module_header\"><a href=\"https:\/\/gngh-abogados.com\/internacionalizacion\/\">Internationalization<\/a><\/h4><\/div><\/div><\/div>\r\n<\/div>\r\n<\/div>\r\n\r\n<div class=\"et_pb_row_8 et_pb_row et_block_row\">\r\n<div class=\"et_pb_column_13 et_pb_column et_pb_column_1_5 et_block_column et_pb_column_empty et_pb_css_mix_blend_mode_passthrough\"><\/div>\r\n\r\n<div class=\"et_pb_column_14 et_pb_column et_pb_column_3_5 et_block_column et_pb_css_mix_blend_mode_passthrough\">\r\n<div class=\"et_pb_blurb_14 et_pb_blurb et_pb_bg_layout_light et_pb_blurb_position_top et_pb_module et_block_module\"><div class=\"et_pb_blurb_content\"><div class=\"et_pb_main_blurb_image\"><a href=\"https:\/\/gngh-abogados.com\/derecho-procesal\/\"><span class=\"et_pb_image_wrap\"><span class=\"et-pb-icon\">\uf0e3<\/span><\/span><\/a><\/div><div class=\"et_pb_blurb_container\"><h4 class=\"et_pb_module_header\"><a href=\"https:\/\/gngh-abogados.com\/derecho-procesal\/\">Procedural Law<\/a><\/h4><\/div><\/div><\/div>\r\n<\/div>\r\n\r\n<div class=\"et_pb_column_15 et_pb_column et_pb_column_1_5 et-last-child et_block_column et_pb_column_empty et_pb_css_mix_blend_mode_passthrough\"><\/div>\r\n<\/div>\r\n<\/div>\r\n\r\n<div class=\"et_pb_section_3 et_pb_section et_section_regular et_block_section et_animated\">\r\n<div class=\"et_pb_row_9 et_pb_row et_block_row\">\r\n<div class=\"et_pb_column_16 et_pb_column et_pb_column_4_4 et-last-child et_block_column et_pb_css_mix_blend_mode_passthrough\">\r\n<div class=\"et_pb_image_0 et_pb_image et_pb_module et_block_module\"><span class=\"et_pb_image_wrap\"><img loading=\"lazy\" decoding=\"async\" src=\"https:\/\/gngh-abogados.com\/wp-content\/uploads\/2023\/02\/logo.png\" width=\"400\" height=\"100\" srcset=\"https:\/\/gngh-abogados.com\/wp-content\/uploads\/2023\/02\/logo.png 400w\" sizes=\"(max-width: 400px) 100vw, 400px\" class=\"wp-image-262\" title=\"logo\" \/><\/span><\/div>\r\n<\/div>\r\n<\/div>\r\n<\/div>\r\n\r\n\r\n\r\n<div class=\"et_pb_section_5 et_pb_section et_pb_fullwidth_section et_section_regular et_block_section\">\r\n<section class=\"et_pb_fullwidth_header_1 et_pb_fullwidth_header et_pb_bg_layout_dark et_pb_text_align_center et-pb-has-background-video et_pb_preload et_pb_module et_flex_module\"><span class=\"et-pb-background-video\"><video autoplay loop playsinline muted><source type=\"video\/mp4\" src=\"https:\/\/gngh-abogados.com\/wp-content\/uploads\/2023\/04\/banner.m4v\" \/><\/video><\/span><div class=\"et_pb_fullwidth_header_container center\"><div class=\"header-content-container center\"><div class=\"header-content et_flex_module\"><div class=\"et_pb_header_content_wrapper\"><p>Our vocation is to provide personalized legal advice, based on quality, technical rigor, transparency and a close and personal relationship with our clients.<\/p>\n<\/div><div class=\"et_pb_header_button_wrapper\"><a class=\"et_pb_button et_pb_more_button et_pb_button_one\" href=\"https:\/\/gngh-abogados.com\/en\/contact\/\">Contact us<\/a><\/div><\/div><\/div><\/div><div class=\"et_pb_fullwidth_header_overlay\"><\/div><div class=\"et_pb_fullwidth_header_scroll\"><\/div><\/section>\r\n<\/div>","protected":false},"excerpt":{"rendered":"","protected":false},"author":1,"featured_media":0,"parent":0,"menu_order":0,"comment_status":"closed","ping_status":"closed","template":"","meta":{"footnotes":""},"class_list":["post-1475","page","type-page","status-publish","hentry"],"aioseo_notices":[],"_links":{"self":[{"href":"https:\/\/gngh-abogados.com\/en\/wp-json\/wp\/v2\/pages\/1475","targetHints":{"allow":["GET"]}}],"collection":[{"href":"https:\/\/gngh-abogados.com\/en\/wp-json\/wp\/v2\/pages"}],"about":[{"href":"https:\/\/gngh-abogados.com\/en\/wp-json\/wp\/v2\/types\/page"}],"author":[{"embeddable":true,"href":"https:\/\/gngh-abogados.com\/en\/wp-json\/wp\/v2\/users\/1"}],"replies":[{"embeddable":true,"href":"https:\/\/gngh-abogados.com\/en\/wp-json\/wp\/v2\/comments?post=1475"}],"version-history":[{"count":5,"href":"https:\/\/gngh-abogados.com\/en\/wp-json\/wp\/v2\/pages\/1475\/revisions"}],"predecessor-version":[{"id":1824,"href":"https:\/\/gngh-abogados.com\/en\/wp-json\/wp\/v2\/pages\/1475\/revisions\/1824"}],"wp:attachment":[{"href":"https:\/\/gngh-abogados.com\/en\/wp-json\/wp\/v2\/media?parent=1475"}],"curies":[{"name":"wp","href":"https:\/\/api.w.org\/{rel}","templated":true}]}}