{"id":1492,"date":"2023-02-23T15:14:13","date_gmt":"2023-02-23T15:14:13","guid":{"rendered":"https:\/\/gngh-abogados.com\/maria-perez-alvarez\/"},"modified":"2026-03-25T08:32:47","modified_gmt":"2026-03-25T08:32:47","slug":"maria-perez-alvarez","status":"publish","type":"page","link":"https:\/\/gngh-abogados.com\/en\/maria-perez-alvarez\/","title":{"rendered":"Mar\u00eda P\u00e9rez \u00c1lvarez"},"content":{"rendered":"\n<div class=\"et_pb_section_0 et_pb_section et_section_regular et_block_section\"><div class=\"et_pb_row_0 et_pb_row et_block_row\"><div class=\"et_pb_column_0 et_pb_column et_pb_column_4_4 et-last-child et_block_column et_pb_css_mix_blend_mode_passthrough\"><div class=\"et_pb_text_0 et_pb_text et_pb_bg_layout_light et_pb_module et_block_module et_pb_text_align_center\"><div class=\"et_pb_text_inner\"><h1>Mar\u00eda P\u00e9rez \u00c1lvarez<\/h1>\n<\/div><\/div><\/div><\/div><\/div><div class=\"et_pb_section_1 et_pb_section et_section_regular et_block_section\"><div class=\"et_pb_row_1 et_pb_row et_pb_equal_columns et_block_row\"><div class=\"et_pb_column_1 et_pb_column et_pb_column_1_3 et_block_column et_pb_css_mix_blend_mode_passthrough\"><div class=\"et_pb_image_0 et_pb_image et_pb_module et_block_module\"><span class=\"et_pb_image_wrap\"><img loading=\"lazy\" decoding=\"async\" src=\"https:\/\/gngh-abogados.com\/wp-content\/uploads\/2023\/02\/maria-perez-alvarez.jpg\" width=\"600\" height=\"800\" srcset=\"https:\/\/gngh-abogados.com\/wp-content\/uploads\/2023\/02\/maria-perez-alvarez.jpg 600w\" sizes=\"(max-width: 600px) 100vw, 600px\" class=\"wp-image-393\" title=\"maria-perez-alvarez\" alt=\"Mar\u00eda P\u00e9rez \u00c1lvarez\" \/><\/span><\/div><div class=\"et_pb_text_1 et_pb_text et_pb_bg_layout_light et_pb_module et_block_module\"><div class=\"et_pb_text_inner\"><h3><strong>Mar\u00eda P\u00e9rez \u00c1lvarez<\/strong><\/h3>\n<p><strong>Lawyer<\/strong><\/p>\n<\/div><\/div><div class=\"et_pb_blurb_0 et_pb_blurb et_pb_bg_layout_light et_pb_text_align_justified et_pb_blurb_position_left et_pb_module et_block_module\"><div class=\"et_pb_blurb_content\"><div class=\"et_pb_main_blurb_image\"><a href=\"tel:+34915983368\"><span class=\"et_pb_image_wrap\"><span class=\"et-pb-icon\">\ue090<\/span><\/span><\/a><\/div><div class=\"et_pb_blurb_container\"><h4 class=\"et_pb_module_header\"><a href=\"tel:+34915983368\">+34 915 983 368<\/a><\/h4><\/div><\/div><\/div><div class=\"et_pb_blurb_1 et_pb_blurb et_pb_bg_layout_light et_pb_text_align_justified et_pb_blurb_position_left et_pb_module et_block_module\"><div class=\"et_pb_blurb_content\"><div class=\"et_pb_main_blurb_image\"><a href=\"mailto:mperez@gngh-abogados.com\"><span class=\"et_pb_image_wrap\"><span class=\"et-pb-icon\">\ue076<\/span><\/span><\/a><\/div><div class=\"et_pb_blurb_container\"><h4 class=\"et_pb_module_header\"><a href=\"mailto:mperez@gngh-abogados.com\">mperez@gngh-abogados.com<\/a><\/h4><\/div><\/div><\/div><\/div><div class=\"et_pb_column_2 et_pb_column et_pb_column_2_3 et-last-child et_block_column et_pb_css_mix_blend_mode_passthrough horizontal-align\"><div class=\"et_pb_text_2 et_pb_text et_pb_bg_layout_light et_pb_module et_block_module et_pb_text_align_justified\"><div class=\"et_pb_text_inner\"><p><strong><u>Biography<\/u><\/strong><\/p>\n<p>Mar\u00eda has a Law degree from the University of Granada and subsequently completed a Master's Degree in Access to the Legal Profession at the International University of La Rioja.<\/p>\n<p>She has extensive experience in advising on public procurement and contentious-administrative proceedings, mainly focused on Port Law, an area of specialization of the Firm.<\/p>\n<p>Member of the Madrid Bar Association.<\/p>\n<p><strong><u>Main areas of practice<\/u><\/strong><\/p>\n<ul>\n<li>Public Contracts.<\/li>\n<li>Port Law.<\/li>\n<\/ul>\n<\/div><\/div><\/div><\/div><\/div><div class=\"et_pb_section_2 et_pb_section et_section_regular et_block_section et_animated\"><div class=\"et_pb_row_2 et_pb_row et_block_row\"><div class=\"et_pb_column_3 et_pb_column et_pb_column_4_4 et-last-child et_block_column et_pb_css_mix_blend_mode_passthrough\"><div class=\"et_pb_image_1 et_pb_image et_pb_module et_block_module\"><span class=\"et_pb_image_wrap\"><img loading=\"lazy\" decoding=\"async\" src=\"https:\/\/gngh-abogados.com\/wp-content\/uploads\/2023\/02\/logo.png\" width=\"400\" height=\"100\" srcset=\"https:\/\/gngh-abogados.com\/wp-content\/uploads\/2023\/02\/logo.png 400w\" sizes=\"(max-width: 400px) 100vw, 400px\" class=\"wp-image-262\" title=\"logo\" \/><\/span><\/div><\/div><\/div><\/div><div class=\"et_pb_section_4 et_pb_section et_pb_fullwidth_section et_section_regular et_block_section\"><section class=\"et_pb_fullwidth_header_0 et_pb_fullwidth_header et_pb_bg_layout_dark et_pb_text_align_center et-pb-has-background-video et_pb_preload et_pb_module et_flex_module\"><span class=\"et-pb-background-video\"><video autoplay loop playsinline muted><source type=\"video\/mp4\" src=\"https:\/\/gngh-abogados.com\/wp-content\/uploads\/2023\/04\/banner.m4v\" \/><\/video><\/span><div class=\"et_pb_fullwidth_header_container center\"><div class=\"header-content-container center\"><div class=\"header-content et_flex_module\"><div class=\"et_pb_header_content_wrapper\"><p>Our vocation is to provide personalized legal advice, based on quality, technical rigor, transparency and a close and personal relationship with our clients.<\/p>\n<\/div><div class=\"et_pb_header_button_wrapper\"><a class=\"et_pb_button et_pb_more_button et_pb_button_one\" href=\"https:\/\/gngh-abogados.com\/en\/contact\/\">Contact us<\/a><\/div><\/div><\/div><\/div><div class=\"et_pb_fullwidth_header_overlay\"><\/div><div class=\"et_pb_fullwidth_header_scroll\"><\/div><\/section><\/div>\n","protected":false},"excerpt":{"rendered":"","protected":false},"author":1,"featured_media":0,"parent":0,"menu_order":0,"comment_status":"closed","ping_status":"closed","template":"","meta":{"footnotes":""},"class_list":["post-1492","page","type-page","status-publish","hentry"],"aioseo_notices":[],"_links":{"self":[{"href":"https:\/\/gngh-abogados.com\/en\/wp-json\/wp\/v2\/pages\/1492","targetHints":{"allow":["GET"]}}],"collection":[{"href":"https:\/\/gngh-abogados.com\/en\/wp-json\/wp\/v2\/pages"}],"about":[{"href":"https:\/\/gngh-abogados.com\/en\/wp-json\/wp\/v2\/types\/page"}],"author":[{"embeddable":true,"href":"https:\/\/gngh-abogados.com\/en\/wp-json\/wp\/v2\/users\/1"}],"replies":[{"embeddable":true,"href":"https:\/\/gngh-abogados.com\/en\/wp-json\/wp\/v2\/comments?post=1492"}],"version-history":[{"count":5,"href":"https:\/\/gngh-abogados.com\/en\/wp-json\/wp\/v2\/pages\/1492\/revisions"}],"predecessor-version":[{"id":1791,"href":"https:\/\/gngh-abogados.com\/en\/wp-json\/wp\/v2\/pages\/1492\/revisions\/1791"}],"wp:attachment":[{"href":"https:\/\/gngh-abogados.com\/en\/wp-json\/wp\/v2\/media?parent=1492"}],"curies":[{"name":"wp","href":"https:\/\/api.w.org\/{rel}","templated":true}]}}